{"id":94,"date":"2026-03-28T20:46:23","date_gmt":"2026-03-28T20:46:23","guid":{"rendered":"https:\/\/chytredomy.net\/?page_id=94"},"modified":"2026-03-28T21:12:36","modified_gmt":"2026-03-28T21:12:36","slug":"servis-tepelnych-cerpadel","status":"publish","type":"page","link":"https:\/\/chytredomy.net\/?page_id=94","title":{"rendered":"Servis tepeln\u00fdch \u010derpadel"},"content":{"rendered":"\n<div class=\"wp-block-group alignfull has-background is-layout-constrained wp-container-core-group-is-layout-270dd8d1 wp-block-group-is-layout-constrained\" style=\"background-color:#eef4f8;padding-top:130px;padding-right:var(--wp--preset--spacing--50);padding-bottom:72px;padding-left:var(--wp--preset--spacing--50)\">\n<p class=\"cd-kicker\">Tepelna cerpadla \u2022 Servis<\/p>\n\n\n\n<h1 class=\"wp-block-heading has-xx-large-font-size\">Servis tepeln\u00fdch \u010derpadel pro pravidelnou p\u00e9\u010di i situace, kdy klient \u0159e\u0161\u00ed probl\u00e9m.<\/h1>\n\n\n\n<p class=\"cd-measure\">Velmi praktick\u00e1 servisn\u00ed landing page. M\u00e1 rychle rozd\u011blit pravideln\u00fd servis a \u0159e\u0161en\u00ed probl\u00e9mu, vysv\u011btlit servisn\u00ed oblast a d\u00e1t klientovi instrukci, co p\u0159ipravit p\u0159ed kontaktem.<\/p>\n<\/div>\n\n\n\n<div class=\"wp-block-group is-layout-constrained wp-container-core-group-is-layout-296a2811 wp-block-group-is-layout-constrained\" style=\"padding-top:var(--wp--preset--spacing--60);padding-right:var(--wp--preset--spacing--50);padding-bottom:var(--wp--preset--spacing--70);padding-left:var(--wp--preset--spacing--50)\">\n<div class=\"wp-block-columns is-layout-flex wp-container-core-columns-is-layout-28f84493 wp-block-columns-is-layout-flex\">\n<div class=\"wp-block-column is-layout-flow wp-block-column-is-layout-flow\">\n<div class=\"wp-block-group cd-panel is-layout-flow wp-block-group-is-layout-flow\">\n<h3 class=\"wp-block-heading\">Pot\u0159ebuji pravideln\u00fd servis<\/h3>\n\n\n\n<ul class=\"wp-block-list cd-checklist\">\n<li>b\u011b\u017en\u00e1 \u00fadr\u017eba a kontrola provozu<\/li>\n\n\n\n<li>domluva term\u00ednu a servisn\u00ed oblasti<\/li>\n\n\n\n<li>ov\u011b\u0159en\u00ed zna\u010dky a typu za\u0159\u00edzen\u00ed<\/li>\n<\/ul>\n<\/div>\n<\/div>\n\n\n\n<div class=\"wp-block-column is-layout-flow wp-block-column-is-layout-flow\">\n<div class=\"wp-block-group cd-panel-soft is-layout-flow wp-block-group-is-layout-flow\">\n<h3 class=\"wp-block-heading\">\u0158e\u0161\u00edm probl\u00e9m<\/h3>\n\n\n\n<ul class=\"wp-block-list cd-checklist\">\n<li>co se d\u011bje a kdy probl\u00e9m vznikl<\/li>\n\n\n\n<li>jakou zna\u010dku a model m\u00e1 klient doma<\/li>\n\n\n\n<li>jak\u00fd je servisn\u00ed r\u00e1mec a v\u00fdjezdov\u00e1 oblast<\/li>\n<\/ul>\n<\/div>\n<\/div>\n<\/div>\n\n\n<div class=\"wp-block-template-part\">\n<div class=\"wp-block-group cd-panel-dark has-border-color is-layout-constrained wp-container-core-group-is-layout-fbeddd0e wp-block-group-is-layout-constrained\" style=\"border-color:rgba(255,255,255,0.1);border-width:1px;border-radius:26px;padding-top:26px;padding-right:28px;padding-bottom:26px;padding-left:28px\">\n<p class=\"has-text-color\" style=\"color:#96c7e4;font-size:13px;font-style:normal;font-weight:700;letter-spacing:0.1em;text-transform:uppercase\">Dal\u0161\u00ed krok<\/p>\n\n\n\n<h3 class=\"wp-block-heading has-text-color\" style=\"color:#ffffff;font-size:28px;font-style:normal;font-weight:700;line-height:1.1\">M\u00e1te jasnou p\u0159edstavu, nebo si pot\u0159ebujete nejd\u0159\u00edv ujasnit rozsah zak\u00e1zky?<\/h3>\n\n\n\n<p>Po\u0161lete z\u00e1kladn\u00ed informace p\u0159es nez\u00e1vaznou popt\u00e1vku. U novostavby, rekonstrukce i v\u00fdm\u011bny technologi\u00ed se t\u00edm v\u00fdrazn\u011b zrychl\u00ed prvn\u00ed technick\u00e9 posouzen\u00ed.<\/p>\n\n\n\n<div class=\"wp-block-buttons cd-mobile-sticky is-layout-flex wp-container-core-buttons-is-layout-8dc0344f wp-block-buttons-is-layout-flex\">\n<div class=\"wp-block-button\"><a class=\"wp-block-button__link has-contrast-color has-base-background-color has-text-color has-background wp-element-button\" href=\"\/poptavka\">Poslat popt\u00e1vku<\/a><\/div>\n\n\n\n<div class=\"wp-block-button\"><a class=\"wp-block-button__link has-base-color has-transparent-background-color has-text-color has-background has-border-color wp-element-button\" href=\"\/kontakt\" style=\"border-color:rgba(255,255,255,0.34);border-width:1px\">Kontakt<\/a><\/div>\n<\/div>\n<\/div>\n\n<\/div><\/div>\n","protected":false},"excerpt":{"rendered":"<p>Tepelna cerpadla \u2022 Servis Servis tepeln\u00fdch \u010derpadel pro pravidelnou p\u00e9\u010di i situace, kdy klient \u0159e\u0161\u00ed probl\u00e9m. Velmi praktick\u00e1 servisn\u00ed landing page. M\u00e1 rychle rozd\u011blit pravideln\u00fd servis a \u0159e\u0161en\u00ed probl\u00e9mu, vysv\u011btlit servisn\u00ed oblast a d\u00e1t klientovi instrukci, co p\u0159ipravit p\u0159ed kontaktem. Pot\u0159ebuji pravideln\u00fd servis \u0158e\u0161\u00edm probl\u00e9m<\/p>\n","protected":false},"author":1,"featured_media":0,"parent":0,"menu_order":0,"comment_status":"closed","ping_status":"closed","template":"cd-tepelna-servis","meta":{"footnotes":""},"class_list":["post-94","page","type-page","status-publish","hentry"],"_links":{"self":[{"href":"https:\/\/chytredomy.net\/index.php?rest_route=\/wp\/v2\/pages\/94","targetHints":{"allow":["GET"]}}],"collection":[{"href":"https:\/\/chytredomy.net\/index.php?rest_route=\/wp\/v2\/pages"}],"about":[{"href":"https:\/\/chytredomy.net\/index.php?rest_route=\/wp\/v2\/types\/page"}],"author":[{"embeddable":true,"href":"https:\/\/chytredomy.net\/index.php?rest_route=\/wp\/v2\/users\/1"}],"replies":[{"embeddable":true,"href":"https:\/\/chytredomy.net\/index.php?rest_route=%2Fwp%2Fv2%2Fcomments&post=94"}],"version-history":[{"count":6,"href":"https:\/\/chytredomy.net\/index.php?rest_route=\/wp\/v2\/pages\/94\/revisions"}],"predecessor-version":[{"id":121,"href":"https:\/\/chytredomy.net\/index.php?rest_route=\/wp\/v2\/pages\/94\/revisions\/121"}],"wp:attachment":[{"href":"https:\/\/chytredomy.net\/index.php?rest_route=%2Fwp%2Fv2%2Fmedia&parent=94"}],"curies":[{"name":"wp","href":"https:\/\/api.w.org\/{rel}","templated":true}]}}